{"id":167,"date":"2025-12-29T13:23:58","date_gmt":"2025-12-29T13:23:58","guid":{"rendered":"https:\/\/fidgiz.com\/?post_type=product&#038;p=167"},"modified":"2025-12-30T13:26:12","modified_gmt":"2025-12-30T13:26:12","slug":"pack-mystere-a-theme","status":"publish","type":"product","link":"https:\/\/fidgiz.com\/index.php\/produit\/pack-mystere-a-theme\/","title":{"rendered":"Pack Myst\u00e8re \u00e0 Th\u00e8me"},"content":{"rendered":"<p data-start=\"1002\" data-end=\"1109\">Avec le <strong data-start=\"1010\" data-end=\"1054\">Pack Myst\u00e8re Fidgiz \u2013 \u00c9dition Th\u00e9matique<\/strong>, tu gardes le myst\u00e8re\u2026<br data-start=\"1077\" data-end=\"1080\" \/>mais tu choisis le <strong data-start=\"1099\" data-end=\"1108\">th\u00e8me<\/strong>.<\/p>\n<p data-start=\"1111\" data-end=\"1291\">S\u00e9lectionne l\u2019univers que tu pr\u00e9f\u00e8res (Viking, et bient\u00f4t bien d\u2019autres) et d\u00e9couvre une <strong data-start=\"1200\" data-end=\"1261\">figurine Fidgiz al\u00e9atoire issue exclusivement de ce th\u00e8me<\/strong>, toujours en version normale.<\/p>\n<p data-start=\"1293\" data-end=\"1381\">Id\u00e9al pour compl\u00e9ter une collection sp\u00e9cifique ou plonger \u00e0 fond dans un univers pr\u00e9cis.<\/p>\n<p data-start=\"1383\" data-end=\"1396\"><strong data-start=\"1383\" data-end=\"1396\">Contenu :<\/strong><\/p>\n<ul data-start=\"1397\" data-end=\"1480\">\n<li data-start=\"1397\" data-end=\"1428\">\n<p data-start=\"1399\" data-end=\"1428\">2 figurine Fidgiz al\u00e9atoire<\/p>\n<\/li>\n<li data-start=\"1429\" data-end=\"1447\">\n<p data-start=\"1431\" data-end=\"1447\">Th\u00e8me au choix<\/p>\n<\/li>\n<li data-start=\"1448\" data-end=\"1480\">\n<p data-start=\"1450\" data-end=\"1480\">Avec des Fidgiz <strong>Rare<\/strong> et <strong>L\u00e9gendaire<\/strong> !<\/p>\n<\/li>\n<\/ul>\n<p data-start=\"1482\" data-end=\"1531\">\u2694\ufe0f <em data-start=\"1485\" data-end=\"1531\">M\u00eame surprise, mais dans ton univers favori.<\/em><\/p>\n<p data-start=\"1482\" data-end=\"1531\">Attention : contient des parties pointues \u2013 <strong data-start=\"418\" data-end=\"449\">interdit aux moins de 8 ans<\/strong>.<br data-start=\"450\" data-end=\"453\" \/>Figurines r\u00e9sistantes, \u00e0 collectionner ou \u00e0 exposer.<\/p>\n","protected":false},"excerpt":{"rendered":"<p>\ud83c\udf1f Centr\u00e9 sur un <strong data-start=\"316\" data-end=\"334\">univers pr\u00e9cis<\/strong>, ce pack contient des figurines exclusives et rares \u00e0 collectionner\u2026 et peut-\u00eatre tomberez vous sur un Fidgiz <strong data-start=\"144\" data-end=\"152\">rare<\/strong>\u2026 ou m\u00eame <strong data-start=\"162\" data-end=\"176\">l\u00e9gendaire<\/strong>\u202f!<\/p>\n<p>&nbsp;<\/p>\n","protected":false},"featured_media":350,"comment_status":"open","ping_status":"closed","template":"","meta":{"_uag_custom_page_level_css":"","_swt_meta_header_display":false,"_swt_meta_footer_display":false,"_swt_meta_site_title_display":false,"_swt_meta_sticky_header":false,"_swt_meta_transparent_header":false},"product_brand":[],"product_cat":[21],"product_tag":[],"class_list":{"0":"post-167","1":"product","2":"type-product","3":"status-publish","4":"has-post-thumbnail","6":"product_cat-fidgiz","8":"first","9":"outofstock","10":"taxable","11":"shipping-taxable","12":"purchasable","13":"product-type-simple"},"uagb_featured_image_src":{"full":["https:\/\/fidgiz.com\/wp-content\/uploads\/2025\/12\/Copie-de-Red-White-Bold-Simple-Fashion-Introduction-Poster-756465489874987.png",1587,1587,false],"thumbnail":["https:\/\/fidgiz.com\/wp-content\/uploads\/2025\/12\/Copie-de-Red-White-Bold-Simple-Fashion-Introduction-Poster-756465489874987-150x150.png",150,150,true],"medium":["https:\/\/fidgiz.com\/wp-content\/uploads\/2025\/12\/Copie-de-Red-White-Bold-Simple-Fashion-Introduction-Poster-756465489874987-300x300.png",300,300,true],"medium_large":["https:\/\/fidgiz.com\/wp-content\/uploads\/2025\/12\/Copie-de-Red-White-Bold-Simple-Fashion-Introduction-Poster-756465489874987-768x768.png",768,768,true],"large":["https:\/\/fidgiz.com\/wp-content\/uploads\/2025\/12\/Copie-de-Red-White-Bold-Simple-Fashion-Introduction-Poster-756465489874987-1024x1024.png",1024,1024,true],"1536x1536":["https:\/\/fidgiz.com\/wp-content\/uploads\/2025\/12\/Copie-de-Red-White-Bold-Simple-Fashion-Introduction-Poster-756465489874987-1536x1536.png",1536,1536,true],"2048x2048":["https:\/\/fidgiz.com\/wp-content\/uploads\/2025\/12\/Copie-de-Red-White-Bold-Simple-Fashion-Introduction-Poster-756465489874987.png",1587,1587,false],"woocommerce_thumbnail":["https:\/\/fidgiz.com\/wp-content\/uploads\/2025\/12\/Copie-de-Red-White-Bold-Simple-Fashion-Introduction-Poster-756465489874987-300x300.png",300,300,true],"woocommerce_single":["https:\/\/fidgiz.com\/wp-content\/uploads\/2025\/12\/Copie-de-Red-White-Bold-Simple-Fashion-Introduction-Poster-756465489874987-600x600.png",600,600,true],"woocommerce_gallery_thumbnail":["https:\/\/fidgiz.com\/wp-content\/uploads\/2025\/12\/Copie-de-Red-White-Bold-Simple-Fashion-Introduction-Poster-756465489874987-100x100.png",100,100,true]},"uagb_author_info":{"display_name":"admin8882","author_link":"https:\/\/fidgiz.com\/index.php\/author\/"},"uagb_comment_info":0,"uagb_excerpt":"\ud83c\udf1f Centr\u00e9 sur un univers pr\u00e9cis, ce pack contient des figurines exclusives et rares \u00e0 collectionner\u2026 et peut-\u00eatre tomberez vous sur un Fidgiz rare\u2026 ou m\u00eame l\u00e9gendaire\u202f! &nbsp;","_links":{"self":[{"href":"https:\/\/fidgiz.com\/index.php\/wp-json\/wp\/v2\/product\/167","targetHints":{"allow":["GET"]}}],"collection":[{"href":"https:\/\/fidgiz.com\/index.php\/wp-json\/wp\/v2\/product"}],"about":[{"href":"https:\/\/fidgiz.com\/index.php\/wp-json\/wp\/v2\/types\/product"}],"replies":[{"embeddable":true,"href":"https:\/\/fidgiz.com\/index.php\/wp-json\/wp\/v2\/comments?post=167"}],"wp:featuredmedia":[{"embeddable":true,"href":"https:\/\/fidgiz.com\/index.php\/wp-json\/wp\/v2\/media\/350"}],"wp:attachment":[{"href":"https:\/\/fidgiz.com\/index.php\/wp-json\/wp\/v2\/media?parent=167"}],"wp:term":[{"taxonomy":"product_brand","embeddable":true,"href":"https:\/\/fidgiz.com\/index.php\/wp-json\/wp\/v2\/product_brand?post=167"},{"taxonomy":"product_cat","embeddable":true,"href":"https:\/\/fidgiz.com\/index.php\/wp-json\/wp\/v2\/product_cat?post=167"},{"taxonomy":"product_tag","embeddable":true,"href":"https:\/\/fidgiz.com\/index.php\/wp-json\/wp\/v2\/product_tag?post=167"}],"curies":[{"name":"wp","href":"https:\/\/api.w.org\/{rel}","templated":true}]}}