{"id":166,"date":"2025-12-29T13:18:54","date_gmt":"2025-12-29T13:18:54","guid":{"rendered":"https:\/\/fidgiz.com\/?post_type=product&#038;p=166"},"modified":"2025-12-30T09:54:40","modified_gmt":"2025-12-30T09:54:40","slug":"pack-mystere","status":"publish","type":"product","link":"https:\/\/fidgiz.com\/index.php\/produit\/pack-mystere\/","title":{"rendered":"Pack Myst\u00e8re"},"content":{"rendered":"<p data-start=\"329\" data-end=\"547\">Le <strong data-start=\"332\" data-end=\"355\">Pack Myst\u00e8re Fidgiz<\/strong> est la porte d\u2019entr\u00e9e id\u00e9ale dans l\u2019univers Fidgiz.<br data-start=\"407\" data-end=\"410\" \/>\u00c0 l\u2019int\u00e9rieur, d\u00e9couvre une <strong data-start=\"438\" data-end=\"478\">figurine Fidgiz totalement al\u00e9atoire<\/strong>, issue de <strong data-start=\"489\" data-end=\"518\">tous les th\u00e8mes existants<\/strong> et en <strong data-start=\"525\" data-end=\"546\">version classique<\/strong>.<\/p>\n<p data-start=\"549\" data-end=\"734\">Chaque pack est une surprise : impossible de savoir quel Fidgiz t\u2019attend avant l\u2019ouverture.<br data-start=\"640\" data-end=\"643\" \/>Parfait pour les collectionneurs, les curieux et ceux qui aiment le frisson de l\u2019inattendu.<\/p>\n<p data-start=\"736\" data-end=\"749\"><strong data-start=\"736\" data-end=\"749\">Contenu :<\/strong><\/p>\n<ul data-start=\"750\" data-end=\"844\">\n<li data-start=\"750\" data-end=\"781\">\n<p data-start=\"752\" data-end=\"781\">2 figurine Fidgiz al\u00e9atoire<\/p>\n<\/li>\n<li data-start=\"782\" data-end=\"811\">\n<p data-start=\"784\" data-end=\"811\">Tous les th\u00e8mes possibles<\/p>\n<\/li>\n<li data-start=\"812\" data-end=\"844\">\n<p data-start=\"814\" data-end=\"844\">Avec des Fidgiz <strong>Rare<\/strong> et <strong>L\u00e9gendaire<\/strong> !<\/p>\n<\/li>\n<\/ul>\n<p data-start=\"846\" data-end=\"896\">\ud83c\udfb2 <em data-start=\"849\" data-end=\"896\">Un pack, une surprise, une nouvelle aventure.<\/em><\/p>\n<p data-start=\"846\" data-end=\"896\">Attention : contient des parties pointues \u2013 <strong data-start=\"418\" data-end=\"449\">interdit aux moins de 8 ans<\/strong>.<br data-start=\"450\" data-end=\"453\" \/>Figurines r\u00e9sistantes, \u00e0 collectionner ou \u00e0 exposer.<\/p>\n","protected":false},"excerpt":{"rendered":"<p>\ud83c\udf81 Contient <strong data-start=\"169\" data-end=\"220\">tous les th\u00e8mes et toutes les versions normales<\/strong> des Fidgiz. Chaque ouverture est une surprise\u2026 et peut-\u00eatre tomberez vous sur un Fidgiz <strong data-start=\"144\" data-end=\"152\">rare<\/strong>\u2026 ou m\u00eame <strong data-start=\"162\" data-end=\"176\">l\u00e9gendaire<\/strong>\u202f!<\/p>\n","protected":false},"featured_media":104,"comment_status":"open","ping_status":"closed","template":"","meta":{"_uag_custom_page_level_css":"","_swt_meta_header_display":false,"_swt_meta_footer_display":false,"_swt_meta_site_title_display":false,"_swt_meta_sticky_header":false,"_swt_meta_transparent_header":false},"product_brand":[],"product_cat":[21],"product_tag":[],"class_list":{"0":"post-166","1":"product","2":"type-product","3":"status-publish","4":"has-post-thumbnail","6":"product_cat-fidgiz","8":"first","9":"outofstock","10":"taxable","11":"shipping-taxable","12":"purchasable","13":"product-type-simple"},"uagb_featured_image_src":{"full":["https:\/\/fidgiz.com\/wp-content\/uploads\/2025\/12\/Red-White-Bold-Simple-Fashion-Introduction-Poster-3685658456.png",1575,1575,false],"thumbnail":["https:\/\/fidgiz.com\/wp-content\/uploads\/2025\/12\/Red-White-Bold-Simple-Fashion-Introduction-Poster-3685658456-150x150.png",150,150,true],"medium":["https:\/\/fidgiz.com\/wp-content\/uploads\/2025\/12\/Red-White-Bold-Simple-Fashion-Introduction-Poster-3685658456-300x300.png",300,300,true],"medium_large":["https:\/\/fidgiz.com\/wp-content\/uploads\/2025\/12\/Red-White-Bold-Simple-Fashion-Introduction-Poster-3685658456-768x768.png",768,768,true],"large":["https:\/\/fidgiz.com\/wp-content\/uploads\/2025\/12\/Red-White-Bold-Simple-Fashion-Introduction-Poster-3685658456-1024x1024.png",1024,1024,true],"1536x1536":["https:\/\/fidgiz.com\/wp-content\/uploads\/2025\/12\/Red-White-Bold-Simple-Fashion-Introduction-Poster-3685658456-1536x1536.png",1536,1536,true],"2048x2048":["https:\/\/fidgiz.com\/wp-content\/uploads\/2025\/12\/Red-White-Bold-Simple-Fashion-Introduction-Poster-3685658456.png",1575,1575,false],"woocommerce_thumbnail":["https:\/\/fidgiz.com\/wp-content\/uploads\/2025\/12\/Red-White-Bold-Simple-Fashion-Introduction-Poster-3685658456-300x300.png",300,300,true],"woocommerce_single":["https:\/\/fidgiz.com\/wp-content\/uploads\/2025\/12\/Red-White-Bold-Simple-Fashion-Introduction-Poster-3685658456-600x600.png",600,600,true],"woocommerce_gallery_thumbnail":["https:\/\/fidgiz.com\/wp-content\/uploads\/2025\/12\/Red-White-Bold-Simple-Fashion-Introduction-Poster-3685658456-100x100.png",100,100,true]},"uagb_author_info":{"display_name":"admin8882","author_link":"https:\/\/fidgiz.com\/index.php\/author\/"},"uagb_comment_info":0,"uagb_excerpt":"\ud83c\udf81 Contient tous les th\u00e8mes et toutes les versions normales des Fidgiz. Chaque ouverture est une surprise\u2026 et peut-\u00eatre tomberez vous sur un Fidgiz rare\u2026 ou m\u00eame l\u00e9gendaire\u202f!","_links":{"self":[{"href":"https:\/\/fidgiz.com\/index.php\/wp-json\/wp\/v2\/product\/166","targetHints":{"allow":["GET"]}}],"collection":[{"href":"https:\/\/fidgiz.com\/index.php\/wp-json\/wp\/v2\/product"}],"about":[{"href":"https:\/\/fidgiz.com\/index.php\/wp-json\/wp\/v2\/types\/product"}],"replies":[{"embeddable":true,"href":"https:\/\/fidgiz.com\/index.php\/wp-json\/wp\/v2\/comments?post=166"}],"wp:featuredmedia":[{"embeddable":true,"href":"https:\/\/fidgiz.com\/index.php\/wp-json\/wp\/v2\/media\/104"}],"wp:attachment":[{"href":"https:\/\/fidgiz.com\/index.php\/wp-json\/wp\/v2\/media?parent=166"}],"wp:term":[{"taxonomy":"product_brand","embeddable":true,"href":"https:\/\/fidgiz.com\/index.php\/wp-json\/wp\/v2\/product_brand?post=166"},{"taxonomy":"product_cat","embeddable":true,"href":"https:\/\/fidgiz.com\/index.php\/wp-json\/wp\/v2\/product_cat?post=166"},{"taxonomy":"product_tag","embeddable":true,"href":"https:\/\/fidgiz.com\/index.php\/wp-json\/wp\/v2\/product_tag?post=166"}],"curies":[{"name":"wp","href":"https:\/\/api.w.org\/{rel}","templated":true}]}}