{"id":326,"date":"2025-12-30T09:14:27","date_gmt":"2025-12-30T09:14:27","guid":{"rendered":"https:\/\/fidgiz.com\/?page_id=326"},"modified":"2025-12-30T09:20:18","modified_gmt":"2025-12-30T09:20:18","slug":"mention-legale","status":"publish","type":"page","link":"https:\/\/fidgiz.com\/index.php\/mention-legale\/","title":{"rendered":"Mention l\u00e9gale"},"content":{"rendered":"\n<h3 class=\"wp-block-heading\">\u00c9diteur du site<\/h3>\n\n\n\n<p>Le site <strong>Fidgiz<\/strong> est \u00e9dit\u00e9 par :<\/p>\n\n\n\n<p><strong>Nom \/ Raison sociale :<\/strong> Ian Le Bihan<br><strong>Statut juridique :<\/strong> Auto-entrepreneur <\/p>\n\n\n\n<p><strong>N\u00b0 SIRET:<\/strong> 947 946 851 00021<br><strong>Adresse :<\/strong> 55 placette des Anthemis, 06560 VALBONNE<br><strong>Adresse email :<\/strong> <a><strong><\/strong><\/a><strong><a>Fidgiz.help@outlook.fr<\/a><\/strong><\/p>\n\n\n\n<hr class=\"wp-block-separator has-alpha-channel-opacity\"\/>\n\n\n\n<h3 class=\"wp-block-heading\">Responsable de la publication<\/h3>\n\n\n\n<p><strong>Nom :<\/strong> Ian Le Bihan<br><strong>Contact :<\/strong> <a><\/a><a><strong><\/strong><\/a><strong><a>Fidgiz.help@outlook.fr<\/a><\/strong><\/p>\n\n\n\n<hr class=\"wp-block-separator has-alpha-channel-opacity\"\/>\n\n\n\n<h3 class=\"wp-block-heading\">H\u00e9bergement<\/h3>\n\n\n\n<p>Le site est h\u00e9berg\u00e9 par :<\/p>\n\n\n\n<p><strong>Nom de l\u2019h\u00e9bergeur :<\/strong> OVH<br><strong>Adresse :<\/strong> <strong>2, rue Kellermann, 59100 Roubaix<\/strong><br><strong>Site web :<\/strong> <a href=\"https:\/\/www.ovhcloud.com\/fr\/\">https:\/\/www.ovhcloud.com\/fr\/<\/a><\/p>\n\n\n\n<hr class=\"wp-block-separator has-alpha-channel-opacity\"\/>\n\n\n\n<h3 class=\"wp-block-heading\">Propri\u00e9t\u00e9 intellectuelle<\/h3>\n\n\n\n<p>L\u2019ensemble du contenu pr\u00e9sent sur le site <strong>fidgiz.com<\/strong> (textes, images, illustrations, logos, designs, mod\u00e8les, figurines, etc.) est prot\u00e9g\u00e9 par le droit de la propri\u00e9t\u00e9 intellectuelle.<\/p>\n\n\n\n<p>Toute reproduction, repr\u00e9sentation, modification ou exploitation, totale ou partielle, sans autorisation pr\u00e9alable \u00e9crite est strictement interdite.<\/p>\n\n\n\n<hr class=\"wp-block-separator has-alpha-channel-opacity\"\/>\n\n\n\n<h3 class=\"wp-block-heading\">Responsabilit\u00e9<\/h3>\n\n\n\n<p>L\u2019\u00e9diteur du site s\u2019efforce de fournir des informations aussi pr\u00e9cises que possible. Toutefois, il ne pourra \u00eatre tenu responsable des omissions, inexactitudes ou carences dans la mise \u00e0 jour des informations.<\/p>\n\n\n\n<p>L\u2019utilisation du site se fait sous la responsabilit\u00e9 de l\u2019utilisateur.<\/p>\n\n\n\n<hr class=\"wp-block-separator has-alpha-channel-opacity\"\/>\n\n\n\n<h3 class=\"wp-block-heading\">Donn\u00e9es personnelles<\/h3>\n\n\n\n<p>Les informations personnelles \u00e9ventuellement collect\u00e9es via le site (formulaire de contact, email) sont utilis\u00e9es uniquement dans le cadre des \u00e9changes avec l\u2019utilisateur.<\/p>\n\n\n\n<p>Conform\u00e9ment \u00e0 la r\u00e9glementation en vigueur (RGPD), vous disposez d\u2019un droit d\u2019acc\u00e8s, de rectification et de suppression de vos donn\u00e9es personnelles en contactant :<br><strong><a><strong><a>Fidgiz.help@outlook.fr<\/a><\/strong><\/a><\/strong><\/p>\n\n\n\n<hr class=\"wp-block-separator has-alpha-channel-opacity\"\/>\n\n\n\n<h3 class=\"wp-block-heading\">Cookies<\/h3>\n\n\n\n<p>Le site Fidgiz peut \u00eatre amen\u00e9 \u00e0 utiliser des cookies \u00e0 des fins de fonctionnement et d\u2019am\u00e9lioration de l\u2019exp\u00e9rience utilisateur.<br>L\u2019utilisateur peut configurer son navigateur pour refuser les cookies.<\/p>\n","protected":false},"excerpt":{"rendered":"<p>\u00c9diteur du site Le site Fidgiz est \u00e9dit\u00e9 par : Nom \/ Raison sociale : Ian Le BihanStatut juridique : Auto-entrepreneur N\u00b0 SIRET: 947 946 851 00021Adresse : 55 placette des Anthemis, 06560 VALBONNEAdresse email : Fidgiz.help@outlook.fr Responsable de la publication Nom : Ian Le BihanContact : Fidgiz.help@outlook.fr H\u00e9bergement Le site est h\u00e9berg\u00e9 par : [&hellip;]<\/p>\n","protected":false},"author":1,"featured_media":0,"parent":0,"menu_order":0,"comment_status":"closed","ping_status":"closed","template":"","meta":{"_uag_custom_page_level_css":"","_swt_meta_header_display":false,"_swt_meta_footer_display":false,"_swt_meta_site_title_display":false,"_swt_meta_sticky_header":false,"_swt_meta_transparent_header":false,"footnotes":""},"class_list":["post-326","page","type-page","status-publish","hentry"],"uagb_featured_image_src":{"full":false,"thumbnail":false,"medium":false,"medium_large":false,"large":false,"1536x1536":false,"2048x2048":false,"woocommerce_thumbnail":false,"woocommerce_single":false,"woocommerce_gallery_thumbnail":false},"uagb_author_info":{"display_name":"admin8882","author_link":"https:\/\/fidgiz.com\/index.php\/author\/admin8882\/"},"uagb_comment_info":0,"uagb_excerpt":"\u00c9diteur du site Le site Fidgiz est \u00e9dit\u00e9 par : Nom \/ Raison sociale : Ian Le BihanStatut juridique : Auto-entrepreneur N\u00b0 SIRET: 947 946 851 00021Adresse : 55 placette des Anthemis, 06560 VALBONNEAdresse email : Fidgiz.help@outlook.fr Responsable de la publication Nom : Ian Le BihanContact : Fidgiz.help@outlook.fr H\u00e9bergement Le site est h\u00e9berg\u00e9 par :\u2026","_links":{"self":[{"href":"https:\/\/fidgiz.com\/index.php\/wp-json\/wp\/v2\/pages\/326","targetHints":{"allow":["GET"]}}],"collection":[{"href":"https:\/\/fidgiz.com\/index.php\/wp-json\/wp\/v2\/pages"}],"about":[{"href":"https:\/\/fidgiz.com\/index.php\/wp-json\/wp\/v2\/types\/page"}],"author":[{"embeddable":true,"href":"https:\/\/fidgiz.com\/index.php\/wp-json\/wp\/v2\/users\/1"}],"replies":[{"embeddable":true,"href":"https:\/\/fidgiz.com\/index.php\/wp-json\/wp\/v2\/comments?post=326"}],"version-history":[{"count":2,"href":"https:\/\/fidgiz.com\/index.php\/wp-json\/wp\/v2\/pages\/326\/revisions"}],"predecessor-version":[{"id":333,"href":"https:\/\/fidgiz.com\/index.php\/wp-json\/wp\/v2\/pages\/326\/revisions\/333"}],"wp:attachment":[{"href":"https:\/\/fidgiz.com\/index.php\/wp-json\/wp\/v2\/media?parent=326"}],"curies":[{"name":"wp","href":"https:\/\/api.w.org\/{rel}","templated":true}]}}