{"id":307,"date":"2025-12-30T08:28:39","date_gmt":"2025-12-30T08:28:39","guid":{"rendered":"https:\/\/fidgiz.com\/?page_id=307"},"modified":"2025-12-30T08:28:39","modified_gmt":"2025-12-30T08:28:39","slug":"contact","status":"publish","type":"page","link":"https:\/\/fidgiz.com\/index.php\/contact\/","title":{"rendered":"Contact"},"content":{"rendered":"\n<p>Une question, un besoin d\u2019information ou un souci ?<br>Notre \u00e9quipe est l\u00e0 pour vous aider.<br>Contactez-nous par email \u00e0 : <strong><a>Fidgiz.help@outlook.fr<\/a><\/strong><\/p>\n\n\n\n<p><\/p>\n","protected":false},"excerpt":{"rendered":"<p>Une question, un besoin d\u2019information ou un souci ?Notre \u00e9quipe est l\u00e0 pour vous aider.Contactez-nous par email \u00e0 : Fidgiz.help@outlook.fr<\/p>\n","protected":false},"author":1,"featured_media":0,"parent":0,"menu_order":0,"comment_status":"closed","ping_status":"closed","template":"","meta":{"_uag_custom_page_level_css":"","_swt_meta_header_display":false,"_swt_meta_footer_display":false,"_swt_meta_site_title_display":false,"_swt_meta_sticky_header":false,"_swt_meta_transparent_header":false,"footnotes":""},"class_list":["post-307","page","type-page","status-publish","hentry"],"uagb_featured_image_src":{"full":false,"thumbnail":false,"medium":false,"medium_large":false,"large":false,"1536x1536":false,"2048x2048":false,"woocommerce_thumbnail":false,"woocommerce_single":false,"woocommerce_gallery_thumbnail":false},"uagb_author_info":{"display_name":"admin8882","author_link":"https:\/\/fidgiz.com\/index.php\/author\/admin8882\/"},"uagb_comment_info":0,"uagb_excerpt":"Une question, un besoin d\u2019information ou un souci ?Notre \u00e9quipe est l\u00e0 pour vous aider.Contactez-nous par email \u00e0 : Fidgiz.help@outlook.fr","_links":{"self":[{"href":"https:\/\/fidgiz.com\/index.php\/wp-json\/wp\/v2\/pages\/307","targetHints":{"allow":["GET"]}}],"collection":[{"href":"https:\/\/fidgiz.com\/index.php\/wp-json\/wp\/v2\/pages"}],"about":[{"href":"https:\/\/fidgiz.com\/index.php\/wp-json\/wp\/v2\/types\/page"}],"author":[{"embeddable":true,"href":"https:\/\/fidgiz.com\/index.php\/wp-json\/wp\/v2\/users\/1"}],"replies":[{"embeddable":true,"href":"https:\/\/fidgiz.com\/index.php\/wp-json\/wp\/v2\/comments?post=307"}],"version-history":[{"count":1,"href":"https:\/\/fidgiz.com\/index.php\/wp-json\/wp\/v2\/pages\/307\/revisions"}],"predecessor-version":[{"id":308,"href":"https:\/\/fidgiz.com\/index.php\/wp-json\/wp\/v2\/pages\/307\/revisions\/308"}],"wp:attachment":[{"href":"https:\/\/fidgiz.com\/index.php\/wp-json\/wp\/v2\/media?parent=307"}],"curies":[{"name":"wp","href":"https:\/\/api.w.org\/{rel}","templated":true}]}}