{"id":114,"date":"2025-12-29T12:44:04","date_gmt":"2025-12-29T12:44:04","guid":{"rendered":"https:\/\/fidgiz.com\/index.php\/panier\/"},"modified":"2025-12-30T09:55:20","modified_gmt":"2025-12-30T09:55:20","slug":"panier","status":"publish","type":"page","link":"https:\/\/fidgiz.com\/index.php\/panier\/","title":{"rendered":"Panier"},"content":{"rendered":"\n<div data-block-name=\"woocommerce\/cart\" class=\"wp-block-woocommerce-cart alignwide is-loading\">\n<div data-block-name=\"woocommerce\/filled-cart-block\" class=\"wp-block-woocommerce-filled-cart-block\">\n<div data-block-name=\"woocommerce\/cart-items-block\" class=\"wp-block-woocommerce-cart-items-block\">\n<div data-block-name=\"woocommerce\/cart-line-items-block\" class=\"wp-block-woocommerce-cart-line-items-block\"><\/div>\n\n\n<\/div>\n\n\n\n\n<div data-block-name=\"woocommerce\/cart-totals-block\" class=\"wp-block-woocommerce-cart-totals-block\">\n<div data-block-name=\"woocommerce\/cart-order-summary-block\" class=\"wp-block-woocommerce-cart-order-summary-block\">\n<div data-block-name=\"woocommerce\/cart-order-summary-heading-block\" class=\"wp-block-woocommerce-cart-order-summary-heading-block\"><\/div><div data-block-name=\"woocommerce\/cart-order-summary-coupon-form-block\" class=\"wp-block-woocommerce-cart-order-summary-coupon-form-block\"><\/div><div data-block-name=\"woocommerce\/cart-order-summary-totals-block\" class=\"wp-block-woocommerce-cart-order-summary-totals-block\">\n<div data-block-name=\"woocommerce\/cart-order-summary-subtotal-block\" class=\"wp-block-woocommerce-cart-order-summary-subtotal-block\"><\/div>\n<div data-block-name=\"woocommerce\/cart-order-summary-discount-block\" class=\"wp-block-woocommerce-cart-order-summary-discount-block\"><\/div>\n<div data-block-name=\"woocommerce\/cart-order-summary-fee-block\" class=\"wp-block-woocommerce-cart-order-summary-fee-block\"><\/div>\n<div data-block-name=\"woocommerce\/cart-order-summary-shipping-block\" class=\"wp-block-woocommerce-cart-order-summary-shipping-block\"><\/div>\n<div data-block-name=\"woocommerce\/cart-order-summary-taxes-block\" class=\"wp-block-woocommerce-cart-order-summary-taxes-block\"><\/div><\/div>\n<\/div>\n\n\n\n<div data-block-name=\"woocommerce\/cart-express-payment-block\" class=\"wp-block-woocommerce-cart-express-payment-block\"><\/div>\n\n\n\n<div data-block-name=\"woocommerce\/proceed-to-checkout-block\" class=\"wp-block-woocommerce-proceed-to-checkout-block\"><\/div>\n\n\n\n<div data-block-name=\"woocommerce\/cart-accepted-payment-methods-block\" class=\"wp-block-woocommerce-cart-accepted-payment-methods-block\"><\/div>\n<\/div>\n<\/div>\n\n\n\n<div data-block-name=\"woocommerce\/empty-cart-block\" class=\"wp-block-woocommerce-empty-cart-block\">\n<h2 class=\"wp-block-heading has-text-align-center with-empty-cart-icon wc-block-cart__empty-cart__title\">Votre panier est actuellement vide\u00a0!<\/h2>\n\n\n\n<hr class=\"wp-block-separator has-alpha-channel-opacity is-style-dots\"\/>\n\n\n\n<h2 class=\"wp-block-heading has-text-align-center\">Nouveau dans la boutique<\/h2>\n\n\n<div data-block-name=\"woocommerce\/product-new\" data-columns=\"4\" data-rows=\"1\" class=\"wc-block-grid wp-block-product-new wp-block-woocommerce-product-new wc-block-product-new has-4-columns\"><ul class=\"wc-block-grid__products\"><li class=\"wc-block-grid__product\">\n\t\t\t\t<a href=\"https:\/\/fidgiz.com\/index.php\/produit\/pack-mystere-a-theme\/\" class=\"wc-block-grid__product-link\">\n\t\t\t\t\t\n\t\t\t\t\t<div class=\"wc-block-grid__product-image\"><img loading=\"lazy\" decoding=\"async\" width=\"300\" height=\"300\" src=\"https:\/\/fidgiz.com\/wp-content\/uploads\/2025\/12\/Copie-de-Red-White-Bold-Simple-Fashion-Introduction-Poster-756465489874987-300x300.png\" class=\"attachment-woocommerce_thumbnail size-woocommerce_thumbnail\" alt=\"Pack Myst\u00e8re \u00e0 Th\u00e8me\" srcset=\"https:\/\/fidgiz.com\/wp-content\/uploads\/2025\/12\/Copie-de-Red-White-Bold-Simple-Fashion-Introduction-Poster-756465489874987-300x300.png 300w, https:\/\/fidgiz.com\/wp-content\/uploads\/2025\/12\/Copie-de-Red-White-Bold-Simple-Fashion-Introduction-Poster-756465489874987-1024x1024.png 1024w, https:\/\/fidgiz.com\/wp-content\/uploads\/2025\/12\/Copie-de-Red-White-Bold-Simple-Fashion-Introduction-Poster-756465489874987-150x150.png 150w, https:\/\/fidgiz.com\/wp-content\/uploads\/2025\/12\/Copie-de-Red-White-Bold-Simple-Fashion-Introduction-Poster-756465489874987-768x768.png 768w, https:\/\/fidgiz.com\/wp-content\/uploads\/2025\/12\/Copie-de-Red-White-Bold-Simple-Fashion-Introduction-Poster-756465489874987-1536x1536.png 1536w, https:\/\/fidgiz.com\/wp-content\/uploads\/2025\/12\/Copie-de-Red-White-Bold-Simple-Fashion-Introduction-Poster-756465489874987-600x600.png 600w, https:\/\/fidgiz.com\/wp-content\/uploads\/2025\/12\/Copie-de-Red-White-Bold-Simple-Fashion-Introduction-Poster-756465489874987-100x100.png 100w, https:\/\/fidgiz.com\/wp-content\/uploads\/2025\/12\/Copie-de-Red-White-Bold-Simple-Fashion-Introduction-Poster-756465489874987.png 1587w\" sizes=\"auto, (max-width: 300px) 100vw, 300px\" \/><\/div>\n\t\t\t\t\t<div class=\"wc-block-grid__product-title\">Pack Myst\u00e8re \u00e0 Th\u00e8me<\/div>\n\t\t\t\t<\/a>\n\t\t\t\t<div class=\"wc-block-grid__product-price price\"><span class=\"woocommerce-Price-amount amount\">5,99&nbsp;<span class=\"woocommerce-Price-currencySymbol\">&euro;<\/span><\/span><\/div>\n\t\t\t\t\n\t\t\t\t<div class=\"wp-block-button wc-block-grid__product-add-to-cart\"><a href=\"https:\/\/fidgiz.com\/index.php\/produit\/pack-mystere-a-theme\/\" aria-label=\"En savoir plus sur &ldquo;Pack Myst\u00e8re \u00e0 Th\u00e8me&rdquo;\" data-quantity=\"1\" data-product_id=\"167\" data-product_sku=\"\" data-price=\"5.99\" rel=\"nofollow\" class=\"wp-block-button__link wp-element-button add_to_cart_button\">Lire la suite<\/a><\/div>\n\t\t\t<\/li><li class=\"wc-block-grid__product\">\n\t\t\t\t<a href=\"https:\/\/fidgiz.com\/index.php\/produit\/pack-mystere\/\" class=\"wc-block-grid__product-link\">\n\t\t\t\t\t\n\t\t\t\t\t<div class=\"wc-block-grid__product-image\"><img loading=\"lazy\" decoding=\"async\" width=\"300\" height=\"300\" src=\"https:\/\/fidgiz.com\/wp-content\/uploads\/2025\/12\/Red-White-Bold-Simple-Fashion-Introduction-Poster-3685658456-300x300.png\" class=\"attachment-woocommerce_thumbnail size-woocommerce_thumbnail\" alt=\"Pack Myst\u00e8re\" srcset=\"https:\/\/fidgiz.com\/wp-content\/uploads\/2025\/12\/Red-White-Bold-Simple-Fashion-Introduction-Poster-3685658456-300x300.png 300w, https:\/\/fidgiz.com\/wp-content\/uploads\/2025\/12\/Red-White-Bold-Simple-Fashion-Introduction-Poster-3685658456-100x100.png 100w, https:\/\/fidgiz.com\/wp-content\/uploads\/2025\/12\/Red-White-Bold-Simple-Fashion-Introduction-Poster-3685658456-600x600.png 600w, https:\/\/fidgiz.com\/wp-content\/uploads\/2025\/12\/Red-White-Bold-Simple-Fashion-Introduction-Poster-3685658456-1024x1024.png 1024w, https:\/\/fidgiz.com\/wp-content\/uploads\/2025\/12\/Red-White-Bold-Simple-Fashion-Introduction-Poster-3685658456-150x150.png 150w, https:\/\/fidgiz.com\/wp-content\/uploads\/2025\/12\/Red-White-Bold-Simple-Fashion-Introduction-Poster-3685658456-768x768.png 768w, https:\/\/fidgiz.com\/wp-content\/uploads\/2025\/12\/Red-White-Bold-Simple-Fashion-Introduction-Poster-3685658456-1536x1536.png 1536w, https:\/\/fidgiz.com\/wp-content\/uploads\/2025\/12\/Red-White-Bold-Simple-Fashion-Introduction-Poster-3685658456.png 1575w\" sizes=\"auto, (max-width: 300px) 100vw, 300px\" \/><\/div>\n\t\t\t\t\t<div class=\"wc-block-grid__product-title\">Pack Myst\u00e8re<\/div>\n\t\t\t\t<\/a>\n\t\t\t\t<div class=\"wc-block-grid__product-price price\"><span class=\"woocommerce-Price-amount amount\">4,99&nbsp;<span class=\"woocommerce-Price-currencySymbol\">&euro;<\/span><\/span><\/div>\n\t\t\t\t\n\t\t\t\t<div class=\"wp-block-button wc-block-grid__product-add-to-cart\"><a href=\"https:\/\/fidgiz.com\/index.php\/produit\/pack-mystere\/\" aria-label=\"En savoir plus sur &ldquo;Pack Myst\u00e8re&rdquo;\" data-quantity=\"1\" data-product_id=\"166\" data-product_sku=\"\" data-price=\"4.99\" rel=\"nofollow\" class=\"wp-block-button__link wp-element-button add_to_cart_button\">Lire la suite<\/a><\/div>\n\t\t\t<\/li><\/ul><\/div><\/div>\n<\/div>\n","protected":false},"excerpt":{"rendered":"","protected":false},"author":1,"featured_media":0,"parent":0,"menu_order":0,"comment_status":"closed","ping_status":"closed","template":"","meta":{"_uag_custom_page_level_css":"","_swt_meta_header_display":false,"_swt_meta_footer_display":false,"_swt_meta_site_title_display":false,"_swt_meta_sticky_header":false,"_swt_meta_transparent_header":false,"footnotes":""},"class_list":["post-114","page","type-page","status-publish","hentry"],"uagb_featured_image_src":{"full":false,"thumbnail":false,"medium":false,"medium_large":false,"large":false,"1536x1536":false,"2048x2048":false,"woocommerce_thumbnail":false,"woocommerce_single":false,"woocommerce_gallery_thumbnail":false},"uagb_author_info":{"display_name":"admin8882","author_link":"https:\/\/fidgiz.com\/index.php\/author\/admin8882\/"},"uagb_comment_info":0,"uagb_excerpt":null,"_links":{"self":[{"href":"https:\/\/fidgiz.com\/index.php\/wp-json\/wp\/v2\/pages\/114","targetHints":{"allow":["GET"]}}],"collection":[{"href":"https:\/\/fidgiz.com\/index.php\/wp-json\/wp\/v2\/pages"}],"about":[{"href":"https:\/\/fidgiz.com\/index.php\/wp-json\/wp\/v2\/types\/page"}],"author":[{"embeddable":true,"href":"https:\/\/fidgiz.com\/index.php\/wp-json\/wp\/v2\/users\/1"}],"replies":[{"embeddable":true,"href":"https:\/\/fidgiz.com\/index.php\/wp-json\/wp\/v2\/comments?post=114"}],"version-history":[{"count":1,"href":"https:\/\/fidgiz.com\/index.php\/wp-json\/wp\/v2\/pages\/114\/revisions"}],"predecessor-version":[{"id":346,"href":"https:\/\/fidgiz.com\/index.php\/wp-json\/wp\/v2\/pages\/114\/revisions\/346"}],"wp:attachment":[{"href":"https:\/\/fidgiz.com\/index.php\/wp-json\/wp\/v2\/media?parent=114"}],"curies":[{"name":"wp","href":"https:\/\/api.w.org\/{rel}","templated":true}]}}